{"id":20086,"date":"2023-10-20T15:29:40","date_gmt":"2023-10-20T15:29:40","guid":{"rendered":"https:\/\/basicsbyadamsson.eu\/?post_type=product&#038;p=20086"},"modified":"2025-12-05T12:22:16","modified_gmt":"2025-12-05T11:22:16","slug":"grey","status":"publish","type":"product","link":"https:\/\/basicsbyadamsson.eu\/pl\/produkt\/grey\/","title":{"rendered":"Szary"},"content":{"rendered":"<p><strong>Szczeg\u00f3\u0142y produktu<\/strong><\/p>\n<p>\u2013 d\u0142u\u017csza d\u0142ugo\u015b\u0107<br \/>\n\u2013 d\u0142u\u017csze r\u0119kawy<br \/>\n\u2013 100% bawe\u0142ny (single jersey 180g)<br \/>\n\u2013 wyprodukowano w Polsce z bawe\u0142ny pochodz\u0105cej z fabryk w \u0141odzi<br \/>\n- zr\u00f3wnowa\u017cona produkcja<br \/>\n\u2013 okr\u0105g\u0142y ko\u0142nierzyk<br \/>\n\u2013 haft \u201cAdamsson\u201d na lewym ramieniu<br \/>\n\u2013 haft chroniony od wewn\u0105trz kawa\u0142kiem materia\u0142u,<br \/>\nkt\u00f3ry mo\u017cna \u0142atwo usun\u0105\u0107<br \/>\npo pierwszym praniu koszulki<br \/>\n- kolor: szary<\/p>","protected":false},"excerpt":{"rendered":"<p>Szary kojarzy si\u0119 z do\u015bwiadczeniem i m\u0105dro\u015bci\u0105. Ubrania w tym kolorze s\u0105 cz\u0119sto wybierane przez ostro\u017cnych, spokojnych ludzi, kt\u00f3rzy potrafi \u0105 oceni\u0107 r\u00f3\u017cne punkty widzenia i zachowa\u0107 bezstronno\u015b\u0107. Ja\u015bniejsze odcienie szaro\u015bci kojarz\u0105 si\u0119 ze skromno\u015bci\u0105, inteligencj\u0105 a tak\u017ce samokontrol\u0105, szacunkiem i spokojem.<\/p>\n<p>Zachowaj spok\u00f3j i wybierz szary T-shirt by Adamsson!<\/p>\n<p>&nbsp;<\/p>\n<p>Zam\u00f3w min. <span style=\"color: #ff0000;\"><strong>3 sztuki,<\/strong><\/span> a czeka Ci\u0119 <span style=\"color: #ff0000;\"><strong>dostawa za darmo<\/strong><\/span> !<\/p>","protected":false},"featured_media":20088,"template":"","meta":[],"product_brand":[],"product_cat":[322,15,650],"product_tag":[323],"class_list":{"0":"post-20086","1":"product","2":"type-product","3":"status-publish","4":"has-post-thumbnail","6":"product_cat-basics-by-adamsson","7":"product_cat-bez-kategorii","8":"product_cat-round-neck-classics","9":"product_tag-tshirt","10":"pa_size-size-l","11":"pa_size-size-m","12":"pa_size-size-s","13":"pa_size-size-xl","14":"pa_size-size-xxl","16":"first","17":"instock","18":"sale","19":"taxable","20":"shipping-taxable","21":"purchasable","22":"product-type-variable"},"_links":{"self":[{"href":"https:\/\/basicsbyadamsson.eu\/pl\/wp-json\/wp\/v2\/product\/20086","targetHints":{"allow":["GET"]}}],"collection":[{"href":"https:\/\/basicsbyadamsson.eu\/pl\/wp-json\/wp\/v2\/product"}],"about":[{"href":"https:\/\/basicsbyadamsson.eu\/pl\/wp-json\/wp\/v2\/types\/product"}],"wp:featuredmedia":[{"embeddable":true,"href":"https:\/\/basicsbyadamsson.eu\/pl\/wp-json\/wp\/v2\/media\/20088"}],"wp:attachment":[{"href":"https:\/\/basicsbyadamsson.eu\/pl\/wp-json\/wp\/v2\/media?parent=20086"}],"wp:term":[{"taxonomy":"product_brand","embeddable":true,"href":"https:\/\/basicsbyadamsson.eu\/pl\/wp-json\/wp\/v2\/product_brand?post=20086"},{"taxonomy":"product_cat","embeddable":true,"href":"https:\/\/basicsbyadamsson.eu\/pl\/wp-json\/wp\/v2\/product_cat?post=20086"},{"taxonomy":"product_tag","embeddable":true,"href":"https:\/\/basicsbyadamsson.eu\/pl\/wp-json\/wp\/v2\/product_tag?post=20086"}],"curies":[{"name":"wp","href":"https:\/\/api.w.org\/{rel}","templated":true}]}}