{"id":20128,"date":"2023-10-23T14:03:46","date_gmt":"2023-10-23T14:03:46","guid":{"rendered":"https:\/\/basicsbyadamsson.eu\/?post_type=product&#038;p=20128"},"modified":"2025-12-05T12:19:33","modified_gmt":"2025-12-05T11:19:33","slug":"white-vneck","status":"publish","type":"product","link":"https:\/\/basicsbyadamsson.eu\/pl\/produkt\/white-vneck\/","title":{"rendered":"Bia\u0142y T-Shirt z dekoltem w serek"},"content":{"rendered":"<p><strong>Szczeg\u00f3\u0142y produktu<\/strong><\/p>\n<p>\u2013 d\u0142u\u017csza d\u0142ugo\u015b\u0107<br \/>\n\u2013 d\u0142u\u017csze r\u0119kawy<br \/>\n\u2013 100% bawe\u0142ny (single jersey 180g)<br \/>\n\u2013 wyprodukowano w Polsce z bawe\u0142ny pochodz\u0105cej z fabryk w \u0141odzi<br \/>\n- zr\u00f3wnowa\u017cona produkcja<br \/>\n- ko\u0142nierzyk w serek<br \/>\n\u2013 haft \u201cAdamsson\u201d na lewym ramieniu<br \/>\n\u2013 haft chroniony od wewn\u0105trz kawa\u0142kiem materia\u0142u,<br \/>\nkt\u00f3ry mo\u017cna \u0142atwo usun\u0105\u0107<br \/>\npo pierwszym praniu koszulki<br \/>\n\u2013 kolor: BIA\u0141Y<\/p>","protected":false},"excerpt":{"rendered":"<p align=\"justify\"><span style=\"font-weight: 400;\">Najja\u015bniejszy ze wszystkich kolor\u00f3w. Cz\u0119sto konkuruje z czerni\u0105 o tytu\u0142 koloru luksusu. Bia\u0142e T-shirty s\u0105 idealnym t\u0142em dla ubra\u0144 i dodatk\u00f3w w r\u00f3\u017cnych kolorach i wzorach. Dzi\u0119ki minimalizmowi i skojarzeniom z m\u0142odo\u015bci\u0105 i czysto\u015bci\u0105 jest idealnym uzupe\u0142nieniem eleganckich stylizacji. Bia\u0142y T-shirt sprawdzi si\u0119 r\u00f3wnie\u017c, je\u015bli zestawisz go z kurtk\u0105, swetrem, d\u017cinsami, a nawet spodniami sportowymi. Dlatego w\u0142a\u015bnie t-shirt w kolorze bia\u0142ym jest niezb\u0119dny w Twojej szafie!<\/span><\/p>\n<p><span style=\"font-weight: 400;\">Nie zwlekaj i uzupe\u0142nij ju\u017c dzi\u015b swoj\u0105 garderob\u0119 o bia\u0142y t-shirt by Adamsson!<\/span><\/p>\n<p><img loading=\"lazy\" decoding=\"async\" class=\"alignnone wp-image-8780\" src=\"http:\/\/basicsbyadamsson.eu\/wp-content\/uploads\/2022\/09\/3-1-300x300.png\" alt=\"\" width=\"112\" height=\"112\" srcset=\"https:\/\/basicsbyadamsson.eu\/wp-content\/uploads\/2022\/09\/3-1-300x300.png 300w, https:\/\/basicsbyadamsson.eu\/wp-content\/uploads\/2022\/09\/3-1-400x400.png 400w, https:\/\/basicsbyadamsson.eu\/wp-content\/uploads\/2022\/09\/3-1-100x100.png 100w, https:\/\/basicsbyadamsson.eu\/wp-content\/uploads\/2022\/09\/3-1-150x150.png 150w, https:\/\/basicsbyadamsson.eu\/wp-content\/uploads\/2022\/09\/3-1-60x60.png 60w, https:\/\/basicsbyadamsson.eu\/wp-content\/uploads\/2022\/09\/3-1.png 500w\" sizes=\"auto, (max-width: 112px) 100vw, 112px\" \/><\/p>\n<p>Zam\u00f3w min. <span style=\"color: #ff0000;\"><strong>3 sztuki,<\/strong><\/span> a czeka Ci\u0119 <span style=\"color: #ff0000;\"><strong>dostawa za darmo<\/strong><\/span> !<\/p>","protected":false},"featured_media":20129,"template":"","meta":[],"product_brand":[],"product_cat":[322,15,649],"product_tag":[323,324],"class_list":{"0":"post-20128","1":"product","2":"type-product","3":"status-publish","4":"has-post-thumbnail","6":"product_cat-basics-by-adamsson","7":"product_cat-bez-kategorii","8":"product_cat-v-neck-classics","9":"product_tag-tshirt","10":"product_tag-vneck","11":"pa_size-size-l","12":"pa_size-size-m","13":"pa_size-size-s","14":"pa_size-size-xl","15":"pa_size-size-xxl","17":"first","18":"instock","19":"sale","20":"taxable","21":"shipping-taxable","22":"purchasable","23":"product-type-variable"},"_links":{"self":[{"href":"https:\/\/basicsbyadamsson.eu\/pl\/wp-json\/wp\/v2\/product\/20128","targetHints":{"allow":["GET"]}}],"collection":[{"href":"https:\/\/basicsbyadamsson.eu\/pl\/wp-json\/wp\/v2\/product"}],"about":[{"href":"https:\/\/basicsbyadamsson.eu\/pl\/wp-json\/wp\/v2\/types\/product"}],"wp:featuredmedia":[{"embeddable":true,"href":"https:\/\/basicsbyadamsson.eu\/pl\/wp-json\/wp\/v2\/media\/20129"}],"wp:attachment":[{"href":"https:\/\/basicsbyadamsson.eu\/pl\/wp-json\/wp\/v2\/media?parent=20128"}],"wp:term":[{"taxonomy":"product_brand","embeddable":true,"href":"https:\/\/basicsbyadamsson.eu\/pl\/wp-json\/wp\/v2\/product_brand?post=20128"},{"taxonomy":"product_cat","embeddable":true,"href":"https:\/\/basicsbyadamsson.eu\/pl\/wp-json\/wp\/v2\/product_cat?post=20128"},{"taxonomy":"product_tag","embeddable":true,"href":"https:\/\/basicsbyadamsson.eu\/pl\/wp-json\/wp\/v2\/product_tag?post=20128"}],"curies":[{"name":"wp","href":"https:\/\/api.w.org\/{rel}","templated":true}]}}