{"id":20141,"date":"2023-10-23T14:34:59","date_gmt":"2023-10-23T14:34:59","guid":{"rendered":"https:\/\/basicsbyadamsson.eu\/?post_type=product&#038;p=20141"},"modified":"2025-12-05T12:17:05","modified_gmt":"2025-12-05T11:17:05","slug":"navy-tank-top","status":"publish","type":"product","link":"https:\/\/basicsbyadamsson.eu\/pl\/produkt\/navy-tank-top\/","title":{"rendered":"Granatowy Tank Top"},"content":{"rendered":"<p><strong>Szczeg\u00f3\u0142y produktu<\/strong><\/p>\n<p>\u2013 d\u0142u\u017csza d\u0142ugo\u015b\u0107<br \/>\n\u2013 100% bawe\u0142ny (single jersey 180g)<br \/>\n\u2013 wyprodukowano w Polsce z bawe\u0142ny pochodz\u0105cej z fabryk w \u0141odzi<br \/>\n- zr\u00f3wnowa\u017cona produkcja<br \/>\n- tank top<br \/>\n\u2013 haft \u201cAdamsson\u201d na lewym ramieniu<br \/>\n\u2013 haft chroniony od wewn\u0105trz kawa\u0142kiem materia\u0142u,<br \/>\nkt\u00f3ry mo\u017cna \u0142atwo usun\u0105\u0107<br \/>\npo pierwszym praniu koszulki<br \/>\n- kolor: granatowy<\/p>","protected":false},"excerpt":{"rendered":"<p>Granatowy jest kojarzony z powag\u0105, dyscyplin\u0105 i profesjonalizmem. Osoby nosz\u0105ce granat s\u0105 zazwyczaj charyzmatyczne i maj\u0105 silne osobowo\u015bci. Granatowy to kolor lider\u00f3w, profesjonalist\u00f3w, prawnik\u00f3w i biznesmen\u00f3w. Jest r\u00f3wnie\u017c powszechnie noszony przez pracownik\u00f3w bank\u00f3w i urz\u0119dnik\u00f3w.<\/p>\n<p>Zbuduj profesjonalny i godny zaufania wizerunek w\u0142asnego siebie. Wybierz granatowy Tank Top by Adamsson!<\/p>\n<p>&nbsp;<\/p>\n<p>Zam\u00f3w min. <span style=\"color: #ff0000;\"><strong>3 sztuki,<\/strong><\/span> a czeka Ci\u0119 <span style=\"color: #ff0000;\"><strong>dostawa za darmo<\/strong><\/span> !<\/p>","protected":false},"featured_media":20142,"template":"","meta":[],"product_brand":[],"product_cat":[322,15,651],"product_tag":[325],"class_list":{"0":"post-20141","1":"product","2":"type-product","3":"status-publish","4":"has-post-thumbnail","6":"product_cat-basics-by-adamsson","7":"product_cat-bez-kategorii","8":"product_cat-tank-tops","9":"product_tag-tank-top","10":"pa_size-size-l","11":"pa_size-size-s-m","12":"pa_size-size-xl-xxl","14":"first","15":"instock","16":"sale","17":"taxable","18":"shipping-taxable","19":"purchasable","20":"product-type-variable"},"_links":{"self":[{"href":"https:\/\/basicsbyadamsson.eu\/pl\/wp-json\/wp\/v2\/product\/20141","targetHints":{"allow":["GET"]}}],"collection":[{"href":"https:\/\/basicsbyadamsson.eu\/pl\/wp-json\/wp\/v2\/product"}],"about":[{"href":"https:\/\/basicsbyadamsson.eu\/pl\/wp-json\/wp\/v2\/types\/product"}],"wp:featuredmedia":[{"embeddable":true,"href":"https:\/\/basicsbyadamsson.eu\/pl\/wp-json\/wp\/v2\/media\/20142"}],"wp:attachment":[{"href":"https:\/\/basicsbyadamsson.eu\/pl\/wp-json\/wp\/v2\/media?parent=20141"}],"wp:term":[{"taxonomy":"product_brand","embeddable":true,"href":"https:\/\/basicsbyadamsson.eu\/pl\/wp-json\/wp\/v2\/product_brand?post=20141"},{"taxonomy":"product_cat","embeddable":true,"href":"https:\/\/basicsbyadamsson.eu\/pl\/wp-json\/wp\/v2\/product_cat?post=20141"},{"taxonomy":"product_tag","embeddable":true,"href":"https:\/\/basicsbyadamsson.eu\/pl\/wp-json\/wp\/v2\/product_tag?post=20141"}],"curies":[{"name":"wp","href":"https:\/\/api.w.org\/{rel}","templated":true}]}}