{"id":20145,"date":"2023-10-23T14:40:22","date_gmt":"2023-10-23T14:40:22","guid":{"rendered":"https:\/\/basicsbyadamsson.eu\/?post_type=product&#038;p=20145"},"modified":"2025-12-05T12:16:35","modified_gmt":"2025-12-05T11:16:35","slug":"blue-tank-top","status":"publish","type":"product","link":"https:\/\/basicsbyadamsson.eu\/pl\/produkt\/blue-tank-top\/","title":{"rendered":"Niebieski Tank Top"},"content":{"rendered":"<p><strong>Szczeg\u00f3\u0142y produktu<\/strong><\/p>\n<p>\u2013 d\u0142u\u017csza d\u0142ugo\u015b\u0107<br \/>\n\u2013 100% bawe\u0142ny (single jersey 180g)<br \/>\n\u2013 wyprodukowano w Polsce z bawe\u0142ny pochodz\u0105cej z fabryk w \u0141odzi<br \/>\n- zr\u00f3wnowa\u017cona produkcja<br \/>\n- tank top<br \/>\n\u2013 haft \u201cAdamsson\u201d na lewym ramieniu<br \/>\n\u2013 haft chroniony od wewn\u0105trz kawa\u0142kiem materia\u0142u,<br \/>\nkt\u00f3ry mo\u017cna \u0142atwo usun\u0105\u0107<br \/>\npo pierwszym praniu koszulki<br \/>\n- kolor: niebieski<\/p>","protected":false},"excerpt":{"rendered":"<p>W staro\u017cytnych kulturach kolor niebieski podkre\u015bla\u0142 w\u0142adz\u0119 i wysoki status ekonomiczny. Wynika\u0142o to z faktu, \u017ce do XIII wieku by\u0142 to jeden z najtrudniejszych do uzyskania kolor\u00f3w a co za tym idzie, bardzo drogi.<\/p>\n<p>Kolor niebieski, zgodnie z filozofi\u0105 Feng Shui, ma silny zwi\u0105zek z wolno\u015bci\u0105, niezale\u017cno\u015bci\u0105, poczuciem bezpiecze\u0144stwa, organizacj\u0105 i lojalno\u015bci\u0105. Obecnie jest kojarzony z si\u0142\u0105, inteligencj\u0105, m\u0119sko\u015bci\u0105 i nowoczesno\u015bci\u0105.<\/p>\n<p>Tan Top w kolorze niebieskim by Adamsson jest najlepszym wyborem dla m\u0142odych i dynamicznych zdobywc\u00f3w, kt\u00f3rzy \u017cyj\u0105 wed\u0142ug w\u0142asnych zasad i nie id\u0105 na kompromis w swoich wyborach.<\/p>\n<p>B\u0105d\u017a niezale\u017cny. Kochaj wolno\u015b\u0107. Wybierz niebieski Tank Top by Adamsson!<\/p>\n<p>&nbsp;<\/p>\n<p>Zam\u00f3w min. <span style=\"color: #ff0000;\"><strong>3 sztuki,<\/strong><\/span> a czeka Ci\u0119 <span style=\"color: #ff0000;\"><strong>dostawa za darmo<\/strong><\/span> !<\/p>","protected":false},"featured_media":20146,"template":"","meta":[],"product_brand":[],"product_cat":[322,15,651],"product_tag":[325],"class_list":{"0":"post-20145","1":"product","2":"type-product","3":"status-publish","4":"has-post-thumbnail","6":"product_cat-basics-by-adamsson","7":"product_cat-bez-kategorii","8":"product_cat-tank-tops","9":"product_tag-tank-top","10":"pa_size-size-l","11":"pa_size-size-s-m","12":"pa_size-size-xl-xxl","14":"first","15":"instock","16":"sale","17":"taxable","18":"shipping-taxable","19":"purchasable","20":"product-type-variable"},"_links":{"self":[{"href":"https:\/\/basicsbyadamsson.eu\/pl\/wp-json\/wp\/v2\/product\/20145","targetHints":{"allow":["GET"]}}],"collection":[{"href":"https:\/\/basicsbyadamsson.eu\/pl\/wp-json\/wp\/v2\/product"}],"about":[{"href":"https:\/\/basicsbyadamsson.eu\/pl\/wp-json\/wp\/v2\/types\/product"}],"wp:featuredmedia":[{"embeddable":true,"href":"https:\/\/basicsbyadamsson.eu\/pl\/wp-json\/wp\/v2\/media\/20146"}],"wp:attachment":[{"href":"https:\/\/basicsbyadamsson.eu\/pl\/wp-json\/wp\/v2\/media?parent=20145"}],"wp:term":[{"taxonomy":"product_brand","embeddable":true,"href":"https:\/\/basicsbyadamsson.eu\/pl\/wp-json\/wp\/v2\/product_brand?post=20145"},{"taxonomy":"product_cat","embeddable":true,"href":"https:\/\/basicsbyadamsson.eu\/pl\/wp-json\/wp\/v2\/product_cat?post=20145"},{"taxonomy":"product_tag","embeddable":true,"href":"https:\/\/basicsbyadamsson.eu\/pl\/wp-json\/wp\/v2\/product_tag?post=20145"}],"curies":[{"name":"wp","href":"https:\/\/api.w.org\/{rel}","templated":true}]}}