{"id":8821,"date":"2022-09-19T02:56:28","date_gmt":"2022-09-19T02:56:28","guid":{"rendered":"https:\/\/basicsbyadamsson.eu\/?post_type=product&#038;p=8821"},"modified":"2025-12-05T12:23:01","modified_gmt":"2025-12-05T11:23:01","slug":"red","status":"publish","type":"product","link":"https:\/\/basicsbyadamsson.eu\/pl\/produkt\/red\/","title":{"rendered":"Czerwony"},"content":{"rendered":"<p><strong>Szczeg\u00f3\u0142y produktu<\/strong><\/p>\n<p>\u2013 d\u0142u\u017csza d\u0142ugo\u015b\u0107<br \/>\n\u2013 d\u0142u\u017csze r\u0119kawy<br \/>\n\u2013 100% bawe\u0142ny (single jersey 180g)<br \/>\n\u2013 wyprodukowano w Polsce z bawe\u0142ny pochodz\u0105cej z fabryk w \u0141odzi<br \/>\n- zr\u00f3wnowa\u017cona produkcja<br \/>\n\u2013 okr\u0105g\u0142y ko\u0142nierzyk<br \/>\n\u2013 haft \u201cAdamsson\u201d na lewym ramieniu<br \/>\n\u2013 haft chroniony od wewn\u0105trz kawa\u0142kiem materia\u0142u,<br \/>\nkt\u00f3ry mo\u017cna \u0142atwo usun\u0105\u0107<br \/>\npo pierwszym praniu koszulki<br \/>\n- kolor: czerwony<\/p>","protected":false},"excerpt":{"rendered":"<p align=\"justify\"><span style=\"font-weight: 400;\">Czerwie\u0144 symbolizuje energi\u0119, si\u0142\u0119 i pasj\u0119. Jest kojarzona z silnymi emocjami, odwag\u0105 i dynamik\u0105. Cz\u0119sto, zw\u0142aszcza w kulturze zachodniej, kojarzy si\u0119 z mi\u0142o\u015bci\u0105.<\/span><\/p>\n<p align=\"justify\"><span style=\"font-weight: 400;\">Czerwony to kolor ludzi, kt\u00f3rzy w pe\u0142ni ciesz\u0105 si\u0119 \u017cyciem, kochaj\u0105 ruch i nie boj\u0105 si\u0119 zmian. Podkre\u015bla siln\u0105 osobowo\u015b\u0107 i niech\u0119\u0107 do wtapiania si\u0119 w t\u0142um.<\/span><\/p>\n<p align=\"justify\"><span style=\"font-weight: 400;\">Czerwona koszulka marki by Adamson b\u0119dzie idealnym uzupe\u0142nieniem codziennego looku m\u0142odych i przedsi\u0119biorczych ludzi, kt\u00f3rzy lubi\u0105 podkre\u015bla\u0107 swoj\u0105 niezale\u017cno\u015b\u0107 nietuzinkowymi kolorami i ubraniami.<\/span><\/p>\n<p><span style=\"font-weight: 400;\">Wyr\u00f3\u017cnij si\u0119 z t\u0142umu i wybierz czerwony T-shirt by Adamsson!<\/span><\/p>\n<p><img loading=\"lazy\" decoding=\"async\" class=\"alignnone wp-image-8778\" src=\"http:\/\/basicsbyadamsson.eu\/wp-content\/uploads\/2022\/09\/1-2-300x300.png\" alt=\"\" width=\"106\" height=\"106\" srcset=\"https:\/\/basicsbyadamsson.eu\/wp-content\/uploads\/2022\/09\/1-2-300x300.png 300w, https:\/\/basicsbyadamsson.eu\/wp-content\/uploads\/2022\/09\/1-2-400x400.png 400w, https:\/\/basicsbyadamsson.eu\/wp-content\/uploads\/2022\/09\/1-2-100x100.png 100w, https:\/\/basicsbyadamsson.eu\/wp-content\/uploads\/2022\/09\/1-2-150x150.png 150w, https:\/\/basicsbyadamsson.eu\/wp-content\/uploads\/2022\/09\/1-2-60x60.png 60w, https:\/\/basicsbyadamsson.eu\/wp-content\/uploads\/2022\/09\/1-2.png 500w\" sizes=\"auto, (max-width: 106px) 100vw, 106px\" \/><\/p>\n<p>Zam\u00f3w min. <span style=\"color: #ff0000;\"><strong>3 sztuki,<\/strong><\/span> a czeka Ci\u0119 <span style=\"color: #ff0000;\"><strong>dostawa za darmo<\/strong><\/span> !<\/p>","protected":false},"featured_media":20076,"template":"","meta":[],"product_brand":[],"product_cat":[322,15,650],"product_tag":[323],"class_list":{"0":"post-8821","1":"product","2":"type-product","3":"status-publish","4":"has-post-thumbnail","6":"product_cat-basics-by-adamsson","7":"product_cat-bez-kategorii","8":"product_cat-round-neck-classics","9":"product_tag-tshirt","10":"pa_size-size-l","11":"pa_size-size-m","12":"pa_size-size-s","13":"pa_size-size-xl","14":"pa_size-size-xxl","16":"first","17":"instock","18":"sale","19":"taxable","20":"shipping-taxable","21":"purchasable","22":"product-type-variable"},"_links":{"self":[{"href":"https:\/\/basicsbyadamsson.eu\/pl\/wp-json\/wp\/v2\/product\/8821","targetHints":{"allow":["GET"]}}],"collection":[{"href":"https:\/\/basicsbyadamsson.eu\/pl\/wp-json\/wp\/v2\/product"}],"about":[{"href":"https:\/\/basicsbyadamsson.eu\/pl\/wp-json\/wp\/v2\/types\/product"}],"wp:featuredmedia":[{"embeddable":true,"href":"https:\/\/basicsbyadamsson.eu\/pl\/wp-json\/wp\/v2\/media\/20076"}],"wp:attachment":[{"href":"https:\/\/basicsbyadamsson.eu\/pl\/wp-json\/wp\/v2\/media?parent=8821"}],"wp:term":[{"taxonomy":"product_brand","embeddable":true,"href":"https:\/\/basicsbyadamsson.eu\/pl\/wp-json\/wp\/v2\/product_brand?post=8821"},{"taxonomy":"product_cat","embeddable":true,"href":"https:\/\/basicsbyadamsson.eu\/pl\/wp-json\/wp\/v2\/product_cat?post=8821"},{"taxonomy":"product_tag","embeddable":true,"href":"https:\/\/basicsbyadamsson.eu\/pl\/wp-json\/wp\/v2\/product_tag?post=8821"}],"curies":[{"name":"wp","href":"https:\/\/api.w.org\/{rel}","templated":true}]}}